{"id":113,"date":"2011-06-21T12:16:38","date_gmt":"2011-06-21T11:16:38","guid":{"rendered":"http:\/\/www.observatoriodelainfancia.es\/caam\/?page_id=113"},"modified":"2023-05-18T12:03:20","modified_gmt":"2023-05-18T11:03:20","slug":"funciones","status":"publish","type":"page","link":"https:\/\/www.observatoriodelainfancia.es\/caam\/","title":{"rendered":"\u00bfQu\u00e9 es el Consejo Asesor de Infancia y Adolescencia de Andaluc\u00eda?"},"content":{"rendered":"\n<p>El Consejo Asesor de Infancia y Adolescencia es un \u00f3rgano de participaci\u00f3n administrativa colegiado, consultivo y de asesoramiento de las administraciones p\u00fablicas de Andaluc\u00eda en asuntos referidos a la infancia y adolescencia adscrito a la Consejer\u00eda competente en materia de infancia y adolescencia, que informar\u00e1 sobre asuntos referidos a la infancia y adolescencia sometidos a su consideraci\u00f3n, elaborar\u00e1 informes y efectuar\u00e1 propuestas a iniciativa propia.<\/p>\n\n\n\n<p>El Art\u00edculo 36 de <a href=\"https:\/\/www.observatoriodelainfancia.es\/oia\/esp\/documentos_ficha.aspx?id=7572\" target=\"_blank\" rel=\"noopener\">la Ley 4\/2021, de 27 de julio, de Infancia y Adolescencia de Andaluc\u00eda<\/a> establece sus funciones, que son:<\/p>\n\n\n\n<ol><li>Analizar peri\u00f3dicamente la situaci\u00f3n de los menores en Andaluc\u00eda.<\/li><li>Asesorar sobre la planificaci\u00f3n de las pol\u00edticas p\u00fablicas referidas a la infancia y la adolescencia y sus familias.<\/li><li>Proponer y participar en el desarrollo de l\u00edneas de investigaci\u00f3n en materia de infancia y adolescencia.<\/li><li>Formular recomendaciones y sugerencias en asuntos de infancia y familias.<\/li><li>Realizar funciones de asesoramiento a los medios de comunicaci\u00f3n sobre la violencia que afecta a las personas menores, con el fin de determinar los contenidos adecuados en los mismos.<\/li><li>Cualesquiera otras funciones que se le atribuyan reglamentariamente.<\/li><\/ol>\n\n\n\n<p>Su composici\u00f3n y r\u00e9gimen de funcionamiento se determinar\u00e1n reglamentariamente. El Consejo estar\u00e1 formado por personas de reconocido prestigio y amplia experiencia profesional en materia de infancia y adolescencia.<\/p>\n","protected":false},"excerpt":{"rendered":"<p>El Consejo Asesor de Infancia y Adolescencia es un \u00f3rgano de participaci\u00f3n administrativa colegiado, consultivo y de asesoramiento de las administraciones p\u00fablicas de Andaluc\u00eda en asuntos referidos a la infancia y adolescencia adscrito a la Consejer\u00eda competente en materia de &hellip; <a href=\"https:\/\/www.observatoriodelainfancia.es\/caam\/\">Sigue leyendo <span class=\"meta-nav\">&rarr;<\/span><\/a><\/p>\n","protected":false},"author":1,"featured_media":0,"parent":0,"menu_order":3,"comment_status":"closed","ping_status":"closed","template":"","meta":[],"_links":{"self":[{"href":"https:\/\/www.observatoriodelainfancia.es\/caam\/wp-json\/wp\/v2\/pages\/113"}],"collection":[{"href":"https:\/\/www.observatoriodelainfancia.es\/caam\/wp-json\/wp\/v2\/pages"}],"about":[{"href":"https:\/\/www.observatoriodelainfancia.es\/caam\/wp-json\/wp\/v2\/types\/page"}],"author":[{"embeddable":true,"href":"https:\/\/www.observatoriodelainfancia.es\/caam\/wp-json\/wp\/v2\/users\/1"}],"replies":[{"embeddable":true,"href":"https:\/\/www.observatoriodelainfancia.es\/caam\/wp-json\/wp\/v2\/comments?post=113"}],"version-history":[{"count":24,"href":"https:\/\/www.observatoriodelainfancia.es\/caam\/wp-json\/wp\/v2\/pages\/113\/revisions"}],"predecessor-version":[{"id":615,"href":"https:\/\/www.observatoriodelainfancia.es\/caam\/wp-json\/wp\/v2\/pages\/113\/revisions\/615"}],"wp:attachment":[{"href":"https:\/\/www.observatoriodelainfancia.es\/caam\/wp-json\/wp\/v2\/media?parent=113"}],"curies":[{"name":"wp","href":"https:\/\/api.w.org\/{rel}","templated":true}]}}