{"id":19,"date":"2011-05-06T12:57:38","date_gmt":"2011-05-06T11:57:38","guid":{"rendered":"http:\/\/www.observatoriodelainfancia.es\/caam\/?page_id=19"},"modified":"2025-01-21T10:11:43","modified_gmt":"2025-01-21T09:11:43","slug":"composicion","status":"publish","type":"page","link":"https:\/\/www.observatoriodelainfancia.es\/caam\/composicion\/","title":{"rendered":"Composici\u00f3n"},"content":{"rendered":"\n<p><strong>Presidente<\/strong>: <strong>Diego G\u00f3mez Baya<\/strong>, doctor en Psicolog\u00eda y profesor del Departamento de Psicolog\u00eda Social, Evolutiva y de la Educaci\u00f3n de la Universidad de Huelva. Diploma de Estudios Avanzados en Psicolog\u00eda Cl\u00ednica Experimental por la Universidad Complutense de Madrid. M\u00e1ster Oficial en Salud y Calidad de Vida por la Universidad de Huelva.<\/p>\n\n\n\n<p><strong>Vocales<\/strong>:<\/p>\n\n\n\n<ul><li><strong>Ignacio G\u00f3mez de Terreros S\u00e1nchez<\/strong>, m\u00e9dico. En su dilatada experiencia profesional ha sido profesor titular de Pediatr\u00eda de la Universidad de Sevilla y Jefe de Servicio del Hospital Infantil Universitario \u201cVirgen del Roc\u00edo\u201d de Sevilla; Vicedecano de la Facultad de Medicina en los Hospitales Universitarios Virgen del Roc\u00edo, Virgen Macarena y Valme de Sevilla; Patrono de la Fundaci\u00f3n \u00abGota de Leche\u00bb de Sevilla y director del Grupo de Investigaci\u00f3n CTS-152 \u201cPediatr\u00eda Integral y Psicolog\u00eda Pedi\u00e1trica\u201d del Plan Andaluz de Investigaci\u00f3n (PAI). Cruz de Oro de la Orden Civil de la Solidaridad Social por el Ministerio de Educaci\u00f3n, Pol\u00edtica Social y Deporte e Hijo Predilecto de la Ciudad de Sevilla.<\/li><li><strong>Mar\u00eda del Mar Garc\u00eda Navarro<\/strong>, psic\u00f3loga y Doctora Internacional en Estudios Migratorios. Miembro del grupo de investigaci\u00f3n Migraci\u00f3n y Derechos Humanos de la Universidad Loyola Andaluc\u00eda. Psic\u00f3loga del equipo de Prevenci\u00f3n e Intervenci\u00f3n con familias en riesgo de exclusi\u00f3n social del Ayuntamiento de C\u00e1diz.<\/li><li><strong>Marco Antonio Navarro Maldonado<\/strong>, Educador en la UTS La Calzada \u2013 Carretera de Carmona (Sevilla).<\/li><li><strong>Noelia Santos G\u00e9mez<\/strong>, periodista. Licenciada en Periodismo por la Universidad de Sevilla. Redactora en el peri\u00f3dico El D\u00eda de C\u00f3rdoba.<\/li><li><strong>Francisco Javier Tena Hern\u00e1ndez<\/strong>, psic\u00f3logo sanitario. Master en Terapia de Familia y Sistemas por la Universidad de Sevilla (Hospital Universitario Virgen Macarena). Psic\u00f3logo de Familia en el Centro de Acogida Inmediata de Menores de la Junta de Andaluc\u00eda \u201cLuis Toribio de Velasco\u201d, gestionado por la Fundaci\u00f3n M\u00e1rgenes y V\u00ednculos.<\/li><li><strong>Mar\u00eda Concepci\u00f3n Yoldi Garc\u00eda<\/strong>, presidenta de la Fundaci\u00f3n Pers\u00e1n y consejera de la empresa matriz Pers\u00e1n. Es presidenta del Consejo Social de la Universidad de Sevilla y vicepresidenta de la Conferencia de Consejos Sociales de las Universidades P\u00fablicas de Espa\u00f1a. Es vicepresidenta de la Asociaci\u00f3n de Fundaciones Andaluzas y de la Fundaci\u00f3n Gota de Leche. Tambi\u00e9n es patrona de la Fundaci\u00f3n Princesa de Girona y miembro del Consejo Asesor de la Fundaci\u00f3n Exit y del Consejo Rector de la Agencia Andaluza del Conocimiento.<\/li><li><strong>Rafaela Caballero Andaluz<\/strong>, profesora titular de Psiquiatr\u00eda Infantil de la Universidad de Sevilla. Responsable del Grupo Andaluz de Investigaci\u00f3n en Psiquiatr\u00eda Infanto-Juvenil (GAEPIJ).<\/li><li><strong>Mariano Hern\u00e1n Garc\u00eda<\/strong>, profesor de la Escuela Andaluza de Salud P\u00fablica. PhD, MPH, MSc. Doctor en Salud P\u00fablica por la Universidad de Sevilla. M\u00e1ster en Salud P\u00fablica por la Universidad de Granada; M\u00e1ster en E-learning por la Universidad Oberta de Catalunya. Profesor Honorario de Salud P\u00fablica y Promoci\u00f3n de la Salud de la Escuela Andaluza de Salud P\u00fablica.<\/li><li><strong>Ra\u00fal G\u00f3mez Ferrete<\/strong>, director del Centro de Educaci\u00f3n Infantil y Primaria Ibarburu de Dos Hermanas (Sevilla). Premio al M\u00e9rito Educativo en 2006 de la Junta de Andaluc\u00eda y Premio Nacional de Compensaci\u00f3n Educativa en 2007 del Ministerio de Educaci\u00f3n.<\/li><li><strong>Alma Mart\u00ednez de Salazar Arboleas<\/strong>, psic\u00f3loga cl\u00ednica. Doctora en Psicolog\u00eda por la Universidad de Murcia. Miembro del grupo de investigaci\u00f3n Avances en epidemiolog\u00eda e investigaci\u00f3n en infancia, adolescencia y familia de la Universidad de Almer\u00eda.<\/li><li><strong>Alfonso Gal\u00e1n Mu\u00f1oz<\/strong>, doctor en Derecho por la Universidad Pablo de Olavide de Sevilla. Profesor titular de Derecho penal en la misma Universidad.<\/li><li><strong>Laura L\u00f3pez de la Cruz<\/strong>, doctora en Derecho por la Universidad Pablo de Olavide de Sevilla, profesora titular de Derecho Civil de la Universidad Pablo de Olavide y Vicerrectora de Relaciones Institucionales y Fundaciones de misma universidad. Co-directora de la C\u00e1tedra en Econom\u00eda Social, \u00c9tica y Ciudadan\u00eda El Roble, de la Universidad Pablo de Olavide.<\/li><li><strong>Esteban Morales S\u00e1nchez<\/strong>, alcalde del Ayuntamiento de Puente Genil (C\u00f3rdoba).<\/li><\/ul>\n\n\n\n<p><strong>Secretaria<\/strong>: <strong style=\"font-size: inherit;\">Marta Casta\u00f1eda Fern\u00e1ndez,<\/strong><span style=\"font-size: inherit;\"> funcionaria de la Direcci\u00f3n General de Infancia, Adolescencia y Juventud de la Consejer\u00eda de Inclusi\u00f3n Social, Juventud, Familias e Igualdad de la Junta de Andaluc\u00eda.<\/span><\/p>\n","protected":false},"excerpt":{"rendered":"<p>Presidente: Diego G\u00f3mez Baya, doctor en Psicolog\u00eda y profesor del Departamento de Psicolog\u00eda Social, Evolutiva y de la Educaci\u00f3n de la Universidad de Huelva. Diploma de Estudios Avanzados en Psicolog\u00eda Cl\u00ednica Experimental por la Universidad Complutense de Madrid. M\u00e1ster Oficial &hellip; <a href=\"https:\/\/www.observatoriodelainfancia.es\/caam\/composicion\/\">Sigue leyendo <span class=\"meta-nav\">&rarr;<\/span><\/a><\/p>\n","protected":false},"author":1,"featured_media":0,"parent":0,"menu_order":2,"comment_status":"closed","ping_status":"closed","template":"","meta":[],"_links":{"self":[{"href":"https:\/\/www.observatoriodelainfancia.es\/caam\/wp-json\/wp\/v2\/pages\/19"}],"collection":[{"href":"https:\/\/www.observatoriodelainfancia.es\/caam\/wp-json\/wp\/v2\/pages"}],"about":[{"href":"https:\/\/www.observatoriodelainfancia.es\/caam\/wp-json\/wp\/v2\/types\/page"}],"author":[{"embeddable":true,"href":"https:\/\/www.observatoriodelainfancia.es\/caam\/wp-json\/wp\/v2\/users\/1"}],"replies":[{"embeddable":true,"href":"https:\/\/www.observatoriodelainfancia.es\/caam\/wp-json\/wp\/v2\/comments?post=19"}],"version-history":[{"count":28,"href":"https:\/\/www.observatoriodelainfancia.es\/caam\/wp-json\/wp\/v2\/pages\/19\/revisions"}],"predecessor-version":[{"id":617,"href":"https:\/\/www.observatoriodelainfancia.es\/caam\/wp-json\/wp\/v2\/pages\/19\/revisions\/617"}],"wp:attachment":[{"href":"https:\/\/www.observatoriodelainfancia.es\/caam\/wp-json\/wp\/v2\/media?parent=19"}],"curies":[{"name":"wp","href":"https:\/\/api.w.org\/{rel}","templated":true}]}}