{"id":1263,"date":"2018-05-21T07:47:20","date_gmt":"2018-05-21T06:47:20","guid":{"rendered":"https:\/\/www.observatoriodelainfancia.es\/participanda\/?page_id=1263"},"modified":"2021-04-15T12:01:36","modified_gmt":"2021-04-15T11:01:36","slug":"proteccion-de-datos","status":"publish","type":"page","link":"https:\/\/www.observatoriodelainfancia.es\/participanda\/proteccion-de-datos\/","title":{"rendered":"Pol\u00edtica de Protecci\u00f3n de Datos Personales"},"content":{"rendered":"<h2>\u00bfQui\u00e9n es el Responsable del tratamiento de sus datos?<\/h2>\n<p>Identidad: Agencia de Servicios Sociales y Dependencia de Andaluc\u00eda<\/p>\n<p>Dir. Postal: Pol\u00edgono Industria Hytasa, C\/ Seda, 5.<br \/>\n18006 \u2013 Sevilla, Espa\u00f1a<\/p>\n<p>Tel\u00e9fono: +34 955 04 87 70<\/p>\n<p>Correo electr\u00f3nico:\u00a0<a href=\"mailto:atencionciudadania.assda@juntadeandalucia.es\">atencionciudadania.<em>assda<\/em><\/a><a href=\"mailto:protecciondedatos.easp@juntadeandalucia.es\">@juntadeandalucia.es<\/a><\/p>\n<p>Delegado de Protecci\u00f3n de Datos:\u00a0<a href=\"mailto:dpd.csalud@juntadeandalucia.es\">dpd.assda@juntadeandalucia.es<\/a><\/p>\n<\/p>\n<h2>\u00bfQui\u00e9n es Delegado de Protecci\u00f3n de Datos de la Agencia de Servicios Sociales y Dependencia de Andaluc\u00eda y c\u00f3mo te puedes poner en contacto con \u00e9l?<\/h2>\n<p>El Delegado de Protecci\u00f3n de Datos es la persona encargada de proteger el derecho fundamental a la protecci\u00f3n de datos personales en la ASSDA y se encarga del cumplimiento de la normativa de protecci\u00f3n de datos. Podr\u00e1s contactar con el Delegado de Protecci\u00f3n de Datos de la Agencia de Servicios Sociales y Dependencia de Andaluc\u00eda en la siguiente direcci\u00f3n: <a href=\"mailto:dpo.sspa@juntadeandalucia.es\">dpd.csalud@juntadeandalucia.es<\/a><\/p>\n<\/p>\n<h2>\u00bfPara qu\u00e9 utilizamos tus datos personales?<\/h2>\n<p>El Observatorio de la Infancia en Andaluc\u00eda atender\u00e1 en lo medida de lo posible su consulta<\/p>\n<\/p>\n<h2>\u00bfPor cu\u00e1nto tiempo conservaremos tus datos?<\/h2>\n<p>Los datos proporcionados se conservar\u00e1n mientras no se solicite su supresi\u00f3n por el interesado.<\/p>\n<\/p>\n<h2>\u00bfA qui\u00e9n comunicaremos tus datos?<\/h2>\n<p>La Agencia de Servicios Sociales y Dependencia de Andaluc\u00eda no ceder\u00e1 tus datos personales a terceros, salvo que estemos obligados por una ley.<\/p>\n<\/p>\n<h2>\u00bfCu\u00e1les son tus derechos cuando nos facilitas tus datos?<\/h2>\n<ul>\n<li>Cualquier persona tiene derecho a obtener confirmaci\u00f3n sobre si en la Agencia de Servicios Sociales y Dependencia de Andaluc\u00eda estamos tratando datos personales que les conciernan, o no.<\/li>\n<li>Las personas interesadas tienen derecho a acceder a sus datos personales, as\u00ed como a solicitar la rectificaci\u00f3n de los datos inexactos o, en su caso, solicitar la supresi\u00f3n cuando, entre otros motivos, los datos ya no sean necesarios para los fines que fueron recogidos.<\/li>\n<li>En determinadas circunstancias y por motivos relacionados con su situaci\u00f3n particular, los interesados podr\u00e1n oponerse al tratamiento de sus datos. La Agencia de Servicios Sociales y Dependencia de Andaluc\u00eda dejar\u00e1 de tratar los datos, salvo por motivos leg\u00edtimos imperiosos, o el ejercicio o defensa de posibles reclamaciones.<\/li>\n<li>Las personas interesadas podr\u00e1n recibir, en formato electr\u00f3nico, los datos personales que nos haya facilitado.<\/li>\n<\/ul>\n<p>Puedes ejercer tus derechos a trav\u00e9s de:<\/p>\n<ul>\n<li><a href=\"mailto:atencionciudadania.assda@juntadeandalucia.es\">atencionciudadania.<em>assda<\/em><\/a><a href=\"mailto:protecciondedatos.easp@juntadeandalucia.es\">@juntadeandalucia.es<\/a><\/li>\n<li>\u00a0Pol\u00edgono Industria Hytasa, C\/ Seda, 5.<br \/>\n18006 \u2013 Sevilla, Espa\u00f1a<\/li>\n<\/ul>\n<p>Para ejercitar tus derechos acompa\u00f1a a tu solicitud una copia de tu DNI o documento equivalente acreditativo de tu identidad. El ejercicio de estos derechos es gratuito.<\/p>\n<p>Si consideras que no hemos tratado tus datos personales de acuerdo con la normativa, puedes contactar con el Delegado de Protecci\u00f3n de Datos en la direcci\u00f3n <a href=\"mailto:dpd.csalud@juntadeandalucia.es\">dpd.assda@juntadeandalucia.es<\/a>. No obstante, podr\u00e1s presentar una reclamaci\u00f3n ante la Agencia Espa\u00f1ola de Protecci\u00f3n de Datos (www.agpd.es).<\/p>\n","protected":false},"excerpt":{"rendered":"<p>\u00bfQui\u00e9n es el Responsable del tratamiento de sus datos? Identidad: Agencia de Servicios Sociales y Dependencia de Andaluc\u00eda Dir. Postal: Pol\u00edgono Industria Hytasa, C\/ Seda, 5. 18006 \u2013 Sevilla, Espa\u00f1a Tel\u00e9fono: +34 955 04 87 70 Correo electr\u00f3nico:\u00a0atencionciudadania.assda@juntadeandalucia.es Delegado de Protecci\u00f3n de Datos:\u00a0dpd.assda@juntadeandalucia.es \u00bfQui\u00e9n es Delegado de Protecci\u00f3n de Datos de la Agencia de Servicios [&hellip;]<\/p>\n","protected":false},"author":1,"featured_media":0,"parent":0,"menu_order":0,"comment_status":"closed","ping_status":"closed","template":"","meta":[],"_links":{"self":[{"href":"https:\/\/www.observatoriodelainfancia.es\/participanda\/wp-json\/wp\/v2\/pages\/1263"}],"collection":[{"href":"https:\/\/www.observatoriodelainfancia.es\/participanda\/wp-json\/wp\/v2\/pages"}],"about":[{"href":"https:\/\/www.observatoriodelainfancia.es\/participanda\/wp-json\/wp\/v2\/types\/page"}],"author":[{"embeddable":true,"href":"https:\/\/www.observatoriodelainfancia.es\/participanda\/wp-json\/wp\/v2\/users\/1"}],"replies":[{"embeddable":true,"href":"https:\/\/www.observatoriodelainfancia.es\/participanda\/wp-json\/wp\/v2\/comments?post=1263"}],"version-history":[{"count":2,"href":"https:\/\/www.observatoriodelainfancia.es\/participanda\/wp-json\/wp\/v2\/pages\/1263\/revisions"}],"predecessor-version":[{"id":1754,"href":"https:\/\/www.observatoriodelainfancia.es\/participanda\/wp-json\/wp\/v2\/pages\/1263\/revisions\/1754"}],"wp:attachment":[{"href":"https:\/\/www.observatoriodelainfancia.es\/participanda\/wp-json\/wp\/v2\/media?parent=1263"}],"curies":[{"name":"wp","href":"https:\/\/api.w.org\/{rel}","templated":true}]}}