{"id":2218,"date":"2023-02-16T13:33:14","date_gmt":"2023-02-16T12:33:14","guid":{"rendered":"https:\/\/www.observatoriodelainfancia.es\/participanda\/?page_id=2218"},"modified":"2024-10-07T12:23:14","modified_gmt":"2024-10-07T11:23:14","slug":"mapa-de-consejos-municipales-de-infancia-y-adolescencia-en-andalucia","status":"publish","type":"page","link":"https:\/\/www.observatoriodelainfancia.es\/participanda\/mapa-de-consejos-municipales-de-infancia-y-adolescencia-en-andalucia\/","title":{"rendered":"Mapa de Consejos Municipales de Infancia y Adolescencia en Andaluc\u00eda"},"content":{"rendered":"\n<p><iframe loading=\"lazy\" src=\"https:\/\/www.google.com\/maps\/d\/u\/0\/embed?mid=1xyTHAFOa4uyiwroxKGaRS4QDfY3iUY4&amp;ehbc=2E312F\" width=\"1000\" height=\"600\"><\/iframe><\/p>\n<p>En este mapa se localizan los municipios de Andaluc\u00eda que cuentan con Consejos Locales de Infancia y Adolescencia y otros espacios de participaci\u00f3n de ni\u00f1as, ni\u00f1os y adolescentes en el \u00e1mbito local. Para elaborarlo se ha empleado informaci\u00f3n actualizada hasta enero de 2024, que forma parte del diagn\u00f3stico del <a href=\"https:\/\/www.observatoriodelainfancia.es\/oia\/esp\/plan_infancia2023.aspx\" target=\"_blank\" rel=\"noopener\">III Plan de Infancia y Adolescencia de Andaluc\u00eda 2024-2027<\/a>.\u00a0 Es un <strong>MAPA COLABORATIVO<\/strong>, requiere una actualizaci\u00f3n continua para incluir nuevos CLIA o espacios de participaci\u00f3n que se vayan creando. Si no aparece el consejo o espacio de participaci\u00f3n de la infancia y adolescencia de tu localidad, por favor, <strong><a href=\"https:\/\/www.observatoriodelainfancia.es\/participanda\/contacto\/\">contacta con nuestro equipo<\/a><\/strong> para que lo incluyamos. De igual modo, si colaboras o formas parte de alg\u00fan consejo municipal de infancia y adolescencia o de un espacio de participaci\u00f3n similar, puedes enviarnos informaci\u00f3n (como un texto, enlace web, videos, fotos, etc.) para incluirla en el mapa a nuestro correo electr\u00f3nico: <a href=\"mailto:observatorioinfancia.assda@juntadeandalucia.es\">observatorioinfancia.assda@juntadeandalucia.es<\/a> \u00a1Gracias!<\/p>\n<div class=\"g-totop\"><a id=\"g-totop\" href=\"#\" rel=\"nofollow\"> <i class=\"fa fa-arrow-circle-o-up fa-2x\"><\/i> Subir <\/a><\/div>\n","protected":false},"excerpt":{"rendered":"<p>En este mapa se localizan los municipios de Andaluc\u00eda que cuentan con Consejos Locales de Infancia y Adolescencia y otros espacios de participaci\u00f3n de ni\u00f1as, ni\u00f1os y adolescentes en el \u00e1mbito local. Para elaborarlo se ha empleado informaci\u00f3n actualizada hasta enero de 2024, que forma parte del diagn\u00f3stico del III Plan de Infancia y Adolescencia [&hellip;]<\/p>\n","protected":false},"author":1,"featured_media":0,"parent":0,"menu_order":0,"comment_status":"closed","ping_status":"closed","template":"","meta":[],"_links":{"self":[{"href":"https:\/\/www.observatoriodelainfancia.es\/participanda\/wp-json\/wp\/v2\/pages\/2218"}],"collection":[{"href":"https:\/\/www.observatoriodelainfancia.es\/participanda\/wp-json\/wp\/v2\/pages"}],"about":[{"href":"https:\/\/www.observatoriodelainfancia.es\/participanda\/wp-json\/wp\/v2\/types\/page"}],"author":[{"embeddable":true,"href":"https:\/\/www.observatoriodelainfancia.es\/participanda\/wp-json\/wp\/v2\/users\/1"}],"replies":[{"embeddable":true,"href":"https:\/\/www.observatoriodelainfancia.es\/participanda\/wp-json\/wp\/v2\/comments?post=2218"}],"version-history":[{"count":23,"href":"https:\/\/www.observatoriodelainfancia.es\/participanda\/wp-json\/wp\/v2\/pages\/2218\/revisions"}],"predecessor-version":[{"id":2514,"href":"https:\/\/www.observatoriodelainfancia.es\/participanda\/wp-json\/wp\/v2\/pages\/2218\/revisions\/2514"}],"wp:attachment":[{"href":"https:\/\/www.observatoriodelainfancia.es\/participanda\/wp-json\/wp\/v2\/media?parent=2218"}],"curies":[{"name":"wp","href":"https:\/\/api.w.org\/{rel}","templated":true}]}}