{"id":73,"date":"2016-07-13T10:04:30","date_gmt":"2016-07-13T10:04:30","guid":{"rendered":"http:\/\/www.observatoriodelainfancia.es\/experienciasinfanciaparticipa\/?page_id=73"},"modified":"2025-07-03T10:30:42","modified_gmt":"2025-07-03T09:30:42","slug":"envio","status":"publish","type":"page","link":"https:\/\/www.observatoriodelainfancia.es\/participanda\/envio\/","title":{"rendered":"Participa"},"content":{"rendered":"<p><strong>ENV\u00cdA TUS EXPERIENCIAS PARA LA PROMOCI\u00d3N DE LA PARTICIPACI\u00d3N DE NI\u00d1AS, NI\u00d1OS Y ADOLESCENTES <\/strong><\/p>\n<p>El<strong> Observatorio de la Infancia y Adolescencia de Andaluc\u00eda<\/strong> se ha propuesto recopilar iniciativas en las que ni\u00f1as, ni\u00f1os y adolescentes tienen la oportunidad de expresar sus visiones, influir en procesos de decisi\u00f3n e impulsar el cambio en cuestiones que les afectan directa o indirectamente.<\/p>\n<p>Esta iniciativa pretende:<\/p>\n<ul>\n<li><strong>Dar a conocer<\/strong> iniciativas de participaci\u00f3n de la infancia y la adolescencia en Andaluc\u00eda o en otros lugares.<\/li>\n<li><strong>Facilitar el intercambio<\/strong> de experiencias y conocimientos sobre participaci\u00f3n infantil y adolescente entre profesionales de distintos \u00e1mbitos.<\/li>\n<li><strong>Fomentar el desarrollo<\/strong> de iniciativas que promuevan y propicien la participaci\u00f3n de los ni\u00f1os, ni\u00f1as y adolescentes.<\/li>\n<\/ul>\n<p>Algunas de las <strong>caracter\u00edsticas<\/strong> que podr\u00edan contener estas experiencias son:<\/p>\n<ul>\n<li>La participaci\u00f3n de la infancia y la adolescencia es el principio fundamental y la metodolog\u00eda de trabajo.<\/li>\n<li>Se pueden desarrollar en casas, en comunidades, en escuelas, en organizaciones, en barrios, en municipios, en gobiernos, etc., a nivel local, regional, estatal o internacional.<\/li>\n<li>El proceso de toma de decisi\u00f3n se puede dar a nivel personal, colectivo o comunitario; en desarrollo y provisi\u00f3n de servicios, en incidencia pol\u00edtica o en sensibilizaci\u00f3n de la opini\u00f3n p\u00fablica, en investigaci\u00f3n, etc.<\/li>\n<li>Fomentan una implicaci\u00f3n informada y voluntaria.<\/li>\n<li>Est\u00e1n dise\u00f1adas teniendo en cuenta las caracter\u00edsticas particulares de las personas implicadas.<\/li>\n<li>Promueven la inclusi\u00f3n y el respeto a la diversidad de g\u00e9nero, de capacidades, cultural, social y econ\u00f3mica.<\/li>\n<\/ul>\n<p><strong>ENV\u00cdA TUS EXPERIENCIAS PARA LA PROMOCI\u00d3N DE LA PARTICIPACI\u00d3N DE NI\u00d1AS, NI\u00d1OS Y ADOLESCENTES <\/strong><\/p>\n<p>El<strong> Observatorio de la Infancia y Adolescencia de Andaluc\u00eda<\/strong> se ha propuesto recopilar iniciativas en las que ni\u00f1as, ni\u00f1os y adolescentes tienen la oportunidad de expresar sus visiones, influir en procesos de decisi\u00f3n e impulsar el cambio en cuestiones que les afectan directa o indirectamente.<\/p>\n<p>Esta iniciativa pretende:<\/p>\n<ul>\n<li><strong>Dar a conocer<\/strong> iniciativas de participaci\u00f3n de la infancia y la adolescencia en Andaluc\u00eda o en otros lugares.<\/li>\n<li><strong>Facilitar el intercambio<\/strong> de experiencias y conocimientos sobre participaci\u00f3n infantil y adolescente entre profesionales de distintos \u00e1mbitos.<\/li>\n<li><strong>Fomentar el desarrollo<\/strong> de iniciativas que promuevan y propicien la participaci\u00f3n de los ni\u00f1os, ni\u00f1as y adolescentes.<\/li>\n<\/ul>\n<p>Algunas de las <strong>caracter\u00edsticas<\/strong> que podr\u00edan contener estas experiencias son:<\/p>\n<ul>\n<li>La participaci\u00f3n de la infancia y la adolescencia es el principio fundamental y la metodolog\u00eda de trabajo.<\/li>\n<li>Se pueden desarrollar en casas, en comunidades, en escuelas, en organizaciones, en barrios, en municipios, en gobiernos, etc., a nivel local, regional, estatal o internacional.<\/li>\n<li>El proceso de toma de decisi\u00f3n se puede dar a nivel personal, colectivo o comunitario; en desarrollo y provisi\u00f3n de servicios, en incidencia pol\u00edtica o en sensibilizaci\u00f3n de la opini\u00f3n p\u00fablica, en investigaci\u00f3n, etc.<\/li>\n<li>Fomentan una implicaci\u00f3n informada y voluntaria.<\/li>\n<li>Est\u00e1n dise\u00f1adas teniendo en cuenta las caracter\u00edsticas particulares de las personas implicadas.<\/li>\n<li>Promueven la inclusi\u00f3n y el respeto a la diversidad de g\u00e9nero, de capacidades, cultural, social y econ\u00f3mica.<\/li>\n<\/ul>\n<p>Si quieres dar a conocer en PARTICIPANDA alguna iniciativa o experiencia de este tipo, por favor, env\u00edanos un correo <a href=\"mailto:observatorioinfancia.assda@juntadeandalucia.es\">observatorioinfancia.assda@juntadeandalucia.es <\/a>y nos pondremos en contacto contigo.<\/p>\n<p>O, si lo prefieres, <a href=\"https:\/\/www.observatoriodelainfancia.es\/cuestionarios\/index.php\/264761?newtest=Y&amp;lang=es\" target=\"_blank\" rel=\"noopener\">accede al formulario y registra tu iniciativa<\/a>.<\/p>\n","protected":false},"excerpt":{"rendered":"<p>ENV\u00cdA TUS EXPERIENCIAS PARA LA PROMOCI\u00d3N DE LA PARTICIPACI\u00d3N DE NI\u00d1AS, NI\u00d1OS Y ADOLESCENTES El Observatorio de la Infancia y Adolescencia de Andaluc\u00eda se ha propuesto recopilar iniciativas en las que ni\u00f1as, ni\u00f1os y adolescentes tienen la oportunidad de expresar sus visiones, influir en procesos de decisi\u00f3n e impulsar el cambio en cuestiones que les [&hellip;]<\/p>\n","protected":false},"author":1,"featured_media":0,"parent":0,"menu_order":0,"comment_status":"closed","ping_status":"closed","template":"","meta":[],"_links":{"self":[{"href":"https:\/\/www.observatoriodelainfancia.es\/participanda\/wp-json\/wp\/v2\/pages\/73"}],"collection":[{"href":"https:\/\/www.observatoriodelainfancia.es\/participanda\/wp-json\/wp\/v2\/pages"}],"about":[{"href":"https:\/\/www.observatoriodelainfancia.es\/participanda\/wp-json\/wp\/v2\/types\/page"}],"author":[{"embeddable":true,"href":"https:\/\/www.observatoriodelainfancia.es\/participanda\/wp-json\/wp\/v2\/users\/1"}],"replies":[{"embeddable":true,"href":"https:\/\/www.observatoriodelainfancia.es\/participanda\/wp-json\/wp\/v2\/comments?post=73"}],"version-history":[{"count":47,"href":"https:\/\/www.observatoriodelainfancia.es\/participanda\/wp-json\/wp\/v2\/pages\/73\/revisions"}],"predecessor-version":[{"id":2665,"href":"https:\/\/www.observatoriodelainfancia.es\/participanda\/wp-json\/wp\/v2\/pages\/73\/revisions\/2665"}],"wp:attachment":[{"href":"https:\/\/www.observatoriodelainfancia.es\/participanda\/wp-json\/wp\/v2\/media?parent=73"}],"curies":[{"name":"wp","href":"https:\/\/api.w.org\/{rel}","templated":true}]}}