{"id":78,"date":"2016-07-13T10:40:32","date_gmt":"2016-07-13T10:40:32","guid":{"rendered":"http:\/\/www.observatoriodelainfancia.es\/experienciasinfanciaparticipa\/?page_id=78"},"modified":"2022-02-18T09:59:42","modified_gmt":"2022-02-18T08:59:42","slug":"contacto","status":"publish","type":"page","link":"https:\/\/www.observatoriodelainfancia.es\/participanda\/contacto\/","title":{"rendered":"Contacto"},"content":{"rendered":"<div role=\"form\" class=\"wpcf7\" id=\"wpcf7-f351-o1\" lang=\"es-ES\" dir=\"ltr\">\n<div class=\"screen-reader-response\"><p role=\"status\" aria-live=\"polite\" aria-atomic=\"true\"><\/p> <ul><\/ul><\/div>\n<form action=\"\/participanda\/wp-json\/wp\/v2\/pages\/78#wpcf7-f351-o1\" method=\"post\" class=\"wpcf7-form init\" novalidate=\"novalidate\" data-status=\"init\">\n<div style=\"display: none;\">\n<input type=\"hidden\" name=\"_wpcf7\" value=\"351\" \/>\n<input type=\"hidden\" name=\"_wpcf7_version\" value=\"5.4\" \/>\n<input type=\"hidden\" name=\"_wpcf7_locale\" value=\"es_ES\" \/>\n<input type=\"hidden\" name=\"_wpcf7_unit_tag\" value=\"wpcf7-f351-o1\" \/>\n<input type=\"hidden\" name=\"_wpcf7_container_post\" value=\"0\" \/>\n<input type=\"hidden\" name=\"_wpcf7_posted_data_hash\" value=\"\" \/>\n<\/div>\n<p><label> Nombre (requerido)<br \/>\n    <span class=\"wpcf7-form-control-wrap your-name\"><input type=\"text\" name=\"your-name\" value=\"\" size=\"40\" class=\"wpcf7-form-control wpcf7-text wpcf7-validates-as-required\" aria-required=\"true\" aria-invalid=\"false\" \/><\/span> <\/label><\/p>\n<p><label> Correo electr\u00f3nico (requerido)<br \/>\n    <span class=\"wpcf7-form-control-wrap your-email\"><input type=\"email\" name=\"your-email\" value=\"\" size=\"40\" class=\"wpcf7-form-control wpcf7-text wpcf7-email wpcf7-validates-as-required wpcf7-validates-as-email\" aria-required=\"true\" aria-invalid=\"false\" \/><\/span> <\/label><\/p>\n<p><label> Escribe a continuaci\u00f3n tus comentarios, sugerencias y\/o propuestas:<br \/>\n    <span class=\"wpcf7-form-control-wrap your-message\"><textarea name=\"your-message\" cols=\"40\" rows=\"10\" class=\"wpcf7-form-control wpcf7-textarea\" aria-invalid=\"false\"><\/textarea><\/span> <\/label><\/p>\n<p><input type=\"submit\" value=\"Enviar\" class=\"wpcf7-form-control wpcf7-submit\" \/><\/p>\n<p style=\"display: none !important;\"><label>&#916;<textarea name=\"_wpcf7_ak_hp_textarea\" cols=\"45\" rows=\"8\" maxlength=\"100\"><\/textarea><\/label><input type=\"hidden\" id=\"ak_js_1\" name=\"_wpcf7_ak_js\" value=\"2\"\/><script>document.getElementById( \"ak_js_1\" ).setAttribute( \"value\", ( new Date() ).getTime() );<\/script><\/p><div class=\"wpcf7-response-output\" aria-hidden=\"true\"><\/div><\/form><\/div>\n<div>\n<div style=\"border: 1px solid #ddd;\">\n<h4 style=\"text-align: center; font-weight: bold;\">Informaci\u00f3n b\u00e1sica sobre protecci\u00f3n de datos<\/h4>\n<\/div>\n<div style=\"padding: 4px; border: 1px solid #ddd;\"><strong>Responsable<\/strong> Agencia de Servicios Sociales y Dependencia de Andaluc\u00eda<\/div>\n<div style=\"padding: 4px; border: 1px solid #ddd;\">\n<div><strong>Finalidad<\/strong> El Observatorio de la Infancia y Adolescencia de Andaluc\u00eda atender\u00e1 en lo medida de lo posible su consulta<\/div>\n<\/div>\n<div style=\"padding: 4px; border: 1px solid #ddd;\">\n<div><strong>Legitimaci\u00f3n<\/strong> Consentimiento del interesado<\/div>\n<\/div>\n<div style=\"padding: 4px; border: 1px solid #ddd;\">\n<div><strong>Destinatarios<\/strong> No se ceder\u00e1n los datos a terceros<\/div>\n<\/div>\n<div style=\"padding: 4px; border: 1px solid #ddd;\">\n<div><strong>Derechos<\/strong> Tiene derecho a acceder, rectificar y suprimir los datos, as\u00ed como otros derechos, como se explica en la informaci\u00f3n adicional<\/div>\n<\/div>\n<div style=\"padding: 4px; border: 1px solid #ddd;\">\n<div><strong>Informaci\u00f3n Adicional<\/strong> Puede consultar la informaci\u00f3n adicional y detallada sobre protecci\u00f3n de datos en la p\u00e1gina web: <a href=\"https:\/\/www.observatoriodelainfancia.es\/participanda\/proteccion-de-datos\/\">Pol\u00edtica de Privacidad<\/a><\/div>\n<\/div>\n<\/div>\n","protected":false},"excerpt":{"rendered":"<p>Informaci\u00f3n b\u00e1sica sobre protecci\u00f3n de datos Responsable Agencia de Servicios Sociales y Dependencia de Andaluc\u00eda Finalidad El Observatorio de la Infancia y Adolescencia de Andaluc\u00eda atender\u00e1 en lo medida de lo posible su consulta Legitimaci\u00f3n Consentimiento del interesado Destinatarios No se ceder\u00e1n los datos a terceros Derechos Tiene derecho a acceder, rectificar y suprimir los [&hellip;]<\/p>\n","protected":false},"author":1,"featured_media":0,"parent":0,"menu_order":0,"comment_status":"closed","ping_status":"closed","template":"","meta":[],"_links":{"self":[{"href":"https:\/\/www.observatoriodelainfancia.es\/participanda\/wp-json\/wp\/v2\/pages\/78"}],"collection":[{"href":"https:\/\/www.observatoriodelainfancia.es\/participanda\/wp-json\/wp\/v2\/pages"}],"about":[{"href":"https:\/\/www.observatoriodelainfancia.es\/participanda\/wp-json\/wp\/v2\/types\/page"}],"author":[{"embeddable":true,"href":"https:\/\/www.observatoriodelainfancia.es\/participanda\/wp-json\/wp\/v2\/users\/1"}],"replies":[{"embeddable":true,"href":"https:\/\/www.observatoriodelainfancia.es\/participanda\/wp-json\/wp\/v2\/comments?post=78"}],"version-history":[{"count":16,"href":"https:\/\/www.observatoriodelainfancia.es\/participanda\/wp-json\/wp\/v2\/pages\/78\/revisions"}],"predecessor-version":[{"id":1983,"href":"https:\/\/www.observatoriodelainfancia.es\/participanda\/wp-json\/wp\/v2\/pages\/78\/revisions\/1983"}],"wp:attachment":[{"href":"https:\/\/www.observatoriodelainfancia.es\/participanda\/wp-json\/wp\/v2\/media?parent=78"}],"curies":[{"name":"wp","href":"https:\/\/api.w.org\/{rel}","templated":true}]}}